{"id":1101,"date":"2023-10-02T20:15:24","date_gmt":"2023-10-02T18:15:24","guid":{"rendered":"https:\/\/www.repair-cafe.ch\/?page_id=1101"},"modified":"2023-10-02T22:33:21","modified_gmt":"2023-10-02T20:33:21","slug":"etre-soutenu","status":"publish","type":"page","link":"https:\/\/www.repair-cafe.ch\/fr\/organiser\/etre-soutenu\/","title":{"rendered":"\u00catre soutenu par la FRC"},"content":{"rendered":"<p>En plus du kit Repair Caf\u00e9 FRC en libre acc\u00e8s, elle offre gratuitement :<\/p>\n<ul>\n<li>Une couverture des organisateurs et des visiteurs contre les accidents survenus lors du Repair Caf\u00e9<\/li>\n<li>Une couverture en responsabilit\u00e9 civile (RC) des r\u00e9parateurs et organisateurs en cas d\u2019accident ou de dommage survenus \u00e0 cause de l\u2019objet r\u00e9par\u00e9<\/li>\n<li>L\u2019impression d\u2019affiches A3 et de flyers A5 pour la promotion de l\u2019\u00e9v\u00e8nement (max. 2000 flyers et 100 affiches par an)<\/li>\n<li>La promotion de l\u2019\u00e9v\u00e9nement sur son site internet et ses r\u00e9seaux sociaux<\/li>\n<li>L\u2019acc\u00e8s au r\u00e9seau romand des Repair caf\u00e9s regroupant toutes les associations collaborant avec la FRC<\/li>\n<li>Si besoin, la FRC peut aider les organisateurs.rices dans la recherche de b\u00e9n\u00e9voles et de r\u00e9parateurs.rices<\/li>\n<\/ul>\n","protected":false},"excerpt":{"rendered":"<p>En plus du kit Repair Caf\u00e9 FRC en libre acc\u00e8s, elle offre gratuitement : Une couverture des organisateurs et des visiteurs contre les accidents survenus lors du Repair Caf\u00e9 Une couverture en responsabilit\u00e9 civile (RC) des r\u00e9parateurs et organisateurs en cas d\u2019accident ou de dommage survenus \u00e0 cause de l\u2019objet r\u00e9par\u00e9 L\u2019impression d\u2019affiches A3 et <a href=\"https:\/\/www.repair-cafe.ch\/fr\/organiser\/etre-soutenu\/\" class=\"more-link\">&#8230;<span class=\"screen-reader-text\">  \u00catre soutenu par la FRC<\/span><\/a><\/p>\n","protected":false},"author":1,"featured_media":763,"parent":285,"menu_order":0,"comment_status":"closed","ping_status":"closed","template":"page-engagieren-gruenden.php","meta":{"_acf_changed":false,"footnotes":""},"class_list":["post-1101","page","type-page","status-publish","has-post-thumbnail","hentry"],"acf":[],"yoast_head":"<!-- This site is optimized with the Yoast SEO plugin v27.5 - https:\/\/yoast.com\/product\/yoast-seo-wordpress\/ -->\n<title>\u00catre soutenu par la FRC - Repair Caf\u00e9<\/title>\n<meta name=\"robots\" content=\"index, follow, max-snippet:-1, max-image-preview:large, max-video-preview:-1\" \/>\n<link rel=\"canonical\" href=\"https:\/\/www.repair-cafe.ch\/fr\/organiser\/etre-soutenu\/\" \/>\n<meta property=\"og:locale\" content=\"fr_FR\" \/>\n<meta property=\"og:type\" content=\"article\" \/>\n<meta property=\"og:title\" content=\"\u00catre soutenu par la FRC - Repair Caf\u00e9\" \/>\n<meta property=\"og:description\" content=\"En plus du kit Repair Caf\u00e9 FRC en libre acc\u00e8s, elle offre gratuitement : Une couverture des organisateurs et des visiteurs contre les accidents survenus lors du Repair Caf\u00e9 Une couverture en responsabilit\u00e9 civile (RC) des r\u00e9parateurs et organisateurs en cas d\u2019accident ou de dommage survenus \u00e0 cause de l\u2019objet r\u00e9par\u00e9 L\u2019impression d\u2019affiches A3 et ... \u00catre soutenu par la FRC\" \/>\n<meta property=\"og:url\" content=\"https:\/\/www.repair-cafe.ch\/fr\/organiser\/etre-soutenu\/\" \/>\n<meta property=\"og:site_name\" content=\"Repair Caf\u00e9\" \/>\n<meta property=\"article:modified_time\" content=\"2023-10-02T20:33:21+00:00\" \/>\n<meta property=\"og:image\" content=\"https:\/\/www.repair-cafe.ch\/wp-content\/uploads\/2023\/09\/ml23-sks-repair-cafe-146-1-e1695989476649.jpg\" \/>\n\t<meta property=\"og:image:width\" content=\"1920\" \/>\n\t<meta property=\"og:image:height\" content=\"1280\" \/>\n\t<meta property=\"og:image:type\" content=\"image\/jpeg\" \/>\n<meta name=\"twitter:card\" content=\"summary_large_image\" \/>\n<meta name=\"twitter:label1\" content=\"Dur\u00e9e de lecture estim\u00e9e\" \/>\n\t<meta name=\"twitter:data1\" content=\"1 minute\" \/>\n<script type=\"application\/ld+json\" class=\"yoast-schema-graph\">{\"@context\":\"https:\\\/\\\/schema.org\",\"@graph\":[{\"@type\":\"WebPage\",\"@id\":\"https:\\\/\\\/www.repair-cafe.ch\\\/fr\\\/organiser\\\/etre-soutenu\\\/\",\"url\":\"https:\\\/\\\/www.repair-cafe.ch\\\/fr\\\/organiser\\\/etre-soutenu\\\/\",\"name\":\"\u00catre soutenu par la FRC - Repair Caf\u00e9\",\"isPartOf\":{\"@id\":\"https:\\\/\\\/www.repair-cafe.ch\\\/fr\\\/#website\"},\"primaryImageOfPage\":{\"@id\":\"https:\\\/\\\/www.repair-cafe.ch\\\/fr\\\/organiser\\\/etre-soutenu\\\/#primaryimage\"},\"image\":{\"@id\":\"https:\\\/\\\/www.repair-cafe.ch\\\/fr\\\/organiser\\\/etre-soutenu\\\/#primaryimage\"},\"thumbnailUrl\":\"https:\\\/\\\/www.repair-cafe.ch\\\/wp-content\\\/uploads\\\/2023\\\/09\\\/ml23-sks-repair-cafe-146-1-e1695989476649.jpg\",\"datePublished\":\"2023-10-02T18:15:24+00:00\",\"dateModified\":\"2023-10-02T20:33:21+00:00\",\"breadcrumb\":{\"@id\":\"https:\\\/\\\/www.repair-cafe.ch\\\/fr\\\/organiser\\\/etre-soutenu\\\/#breadcrumb\"},\"inLanguage\":\"fr-FR\",\"potentialAction\":[{\"@type\":\"ReadAction\",\"target\":[\"https:\\\/\\\/www.repair-cafe.ch\\\/fr\\\/organiser\\\/etre-soutenu\\\/\"]}]},{\"@type\":\"ImageObject\",\"inLanguage\":\"fr-FR\",\"@id\":\"https:\\\/\\\/www.repair-cafe.ch\\\/fr\\\/organiser\\\/etre-soutenu\\\/#primaryimage\",\"url\":\"https:\\\/\\\/www.repair-cafe.ch\\\/wp-content\\\/uploads\\\/2023\\\/09\\\/ml23-sks-repair-cafe-146-1-e1695989476649.jpg\",\"contentUrl\":\"https:\\\/\\\/www.repair-cafe.ch\\\/wp-content\\\/uploads\\\/2023\\\/09\\\/ml23-sks-repair-cafe-146-1-e1695989476649.jpg\",\"width\":7008,\"height\":3784},{\"@type\":\"BreadcrumbList\",\"@id\":\"https:\\\/\\\/www.repair-cafe.ch\\\/fr\\\/organiser\\\/etre-soutenu\\\/#breadcrumb\",\"itemListElement\":[{\"@type\":\"ListItem\",\"position\":1,\"name\":\"Startseite\",\"item\":\"https:\\\/\\\/www.repair-cafe.ch\\\/fr\\\/\"},{\"@type\":\"ListItem\",\"position\":2,\"name\":\"organiser\",\"item\":\"https:\\\/\\\/www.repair-cafe.ch\\\/fr\\\/organiser\\\/\"},{\"@type\":\"ListItem\",\"position\":3,\"name\":\"\u00catre soutenu par la FRC\"}]},{\"@type\":\"WebSite\",\"@id\":\"https:\\\/\\\/www.repair-cafe.ch\\\/fr\\\/#website\",\"url\":\"https:\\\/\\\/www.repair-cafe.ch\\\/fr\\\/\",\"name\":\"Repair Caf\u00e9\",\"description\":\"\",\"potentialAction\":[{\"@type\":\"SearchAction\",\"target\":{\"@type\":\"EntryPoint\",\"urlTemplate\":\"https:\\\/\\\/www.repair-cafe.ch\\\/fr\\\/?s={search_term_string}\"},\"query-input\":{\"@type\":\"PropertyValueSpecification\",\"valueRequired\":true,\"valueName\":\"search_term_string\"}}],\"inLanguage\":\"fr-FR\"}]}<\/script>\n<!-- \/ Yoast SEO plugin. -->","yoast_head_json":{"title":"\u00catre soutenu par la FRC - Repair Caf\u00e9","robots":{"index":"index","follow":"follow","max-snippet":"max-snippet:-1","max-image-preview":"max-image-preview:large","max-video-preview":"max-video-preview:-1"},"canonical":"https:\/\/www.repair-cafe.ch\/fr\/organiser\/etre-soutenu\/","og_locale":"fr_FR","og_type":"article","og_title":"\u00catre soutenu par la FRC - Repair Caf\u00e9","og_description":"En plus du kit Repair Caf\u00e9 FRC en libre acc\u00e8s, elle offre gratuitement : Une couverture des organisateurs et des visiteurs contre les accidents survenus lors du Repair Caf\u00e9 Une couverture en responsabilit\u00e9 civile (RC) des r\u00e9parateurs et organisateurs en cas d\u2019accident ou de dommage survenus \u00e0 cause de l\u2019objet r\u00e9par\u00e9 L\u2019impression d\u2019affiches A3 et ... \u00catre soutenu par la FRC","og_url":"https:\/\/www.repair-cafe.ch\/fr\/organiser\/etre-soutenu\/","og_site_name":"Repair Caf\u00e9","article_modified_time":"2023-10-02T20:33:21+00:00","og_image":[{"width":1920,"height":1280,"url":"https:\/\/www.repair-cafe.ch\/wp-content\/uploads\/2023\/09\/ml23-sks-repair-cafe-146-1-e1695989476649.jpg","type":"image\/jpeg"}],"twitter_card":"summary_large_image","twitter_misc":{"Dur\u00e9e de lecture estim\u00e9e":"1 minute"},"schema":{"@context":"https:\/\/schema.org","@graph":[{"@type":"WebPage","@id":"https:\/\/www.repair-cafe.ch\/fr\/organiser\/etre-soutenu\/","url":"https:\/\/www.repair-cafe.ch\/fr\/organiser\/etre-soutenu\/","name":"\u00catre soutenu par la FRC - Repair Caf\u00e9","isPartOf":{"@id":"https:\/\/www.repair-cafe.ch\/fr\/#website"},"primaryImageOfPage":{"@id":"https:\/\/www.repair-cafe.ch\/fr\/organiser\/etre-soutenu\/#primaryimage"},"image":{"@id":"https:\/\/www.repair-cafe.ch\/fr\/organiser\/etre-soutenu\/#primaryimage"},"thumbnailUrl":"https:\/\/www.repair-cafe.ch\/wp-content\/uploads\/2023\/09\/ml23-sks-repair-cafe-146-1-e1695989476649.jpg","datePublished":"2023-10-02T18:15:24+00:00","dateModified":"2023-10-02T20:33:21+00:00","breadcrumb":{"@id":"https:\/\/www.repair-cafe.ch\/fr\/organiser\/etre-soutenu\/#breadcrumb"},"inLanguage":"fr-FR","potentialAction":[{"@type":"ReadAction","target":["https:\/\/www.repair-cafe.ch\/fr\/organiser\/etre-soutenu\/"]}]},{"@type":"ImageObject","inLanguage":"fr-FR","@id":"https:\/\/www.repair-cafe.ch\/fr\/organiser\/etre-soutenu\/#primaryimage","url":"https:\/\/www.repair-cafe.ch\/wp-content\/uploads\/2023\/09\/ml23-sks-repair-cafe-146-1-e1695989476649.jpg","contentUrl":"https:\/\/www.repair-cafe.ch\/wp-content\/uploads\/2023\/09\/ml23-sks-repair-cafe-146-1-e1695989476649.jpg","width":7008,"height":3784},{"@type":"BreadcrumbList","@id":"https:\/\/www.repair-cafe.ch\/fr\/organiser\/etre-soutenu\/#breadcrumb","itemListElement":[{"@type":"ListItem","position":1,"name":"Startseite","item":"https:\/\/www.repair-cafe.ch\/fr\/"},{"@type":"ListItem","position":2,"name":"organiser","item":"https:\/\/www.repair-cafe.ch\/fr\/organiser\/"},{"@type":"ListItem","position":3,"name":"\u00catre soutenu par la FRC"}]},{"@type":"WebSite","@id":"https:\/\/www.repair-cafe.ch\/fr\/#website","url":"https:\/\/www.repair-cafe.ch\/fr\/","name":"Repair Caf\u00e9","description":"","potentialAction":[{"@type":"SearchAction","target":{"@type":"EntryPoint","urlTemplate":"https:\/\/www.repair-cafe.ch\/fr\/?s={search_term_string}"},"query-input":{"@type":"PropertyValueSpecification","valueRequired":true,"valueName":"search_term_string"}}],"inLanguage":"fr-FR"}]}},"_links":{"self":[{"href":"https:\/\/www.repair-cafe.ch\/fr\/wp-json\/wp\/v2\/pages\/1101","targetHints":{"allow":["GET"]}}],"collection":[{"href":"https:\/\/www.repair-cafe.ch\/fr\/wp-json\/wp\/v2\/pages"}],"about":[{"href":"https:\/\/www.repair-cafe.ch\/fr\/wp-json\/wp\/v2\/types\/page"}],"author":[{"embeddable":true,"href":"https:\/\/www.repair-cafe.ch\/fr\/wp-json\/wp\/v2\/users\/1"}],"replies":[{"embeddable":true,"href":"https:\/\/www.repair-cafe.ch\/fr\/wp-json\/wp\/v2\/comments?post=1101"}],"version-history":[{"count":0,"href":"https:\/\/www.repair-cafe.ch\/fr\/wp-json\/wp\/v2\/pages\/1101\/revisions"}],"up":[{"embeddable":true,"href":"https:\/\/www.repair-cafe.ch\/fr\/wp-json\/wp\/v2\/pages\/285"}],"wp:featuredmedia":[{"embeddable":true,"href":"https:\/\/www.repair-cafe.ch\/fr\/wp-json\/wp\/v2\/media\/763"}],"wp:attachment":[{"href":"https:\/\/www.repair-cafe.ch\/fr\/wp-json\/wp\/v2\/media?parent=1101"}],"curies":[{"name":"wp","href":"https:\/\/api.w.org\/{rel}","templated":true}]}}