{"id":1123,"date":"2023-09-28T00:08:30","date_gmt":"2023-09-27T22:08:30","guid":{"rendered":"https:\/\/www.repair-cafe.ch\/?page_id=1123"},"modified":"2023-10-02T22:02:59","modified_gmt":"2023-10-02T20:02:59","slug":"bases-legales","status":"publish","type":"page","link":"https:\/\/www.repair-cafe.ch\/fr\/sinformer\/bases-legales\/","title":{"rendered":"Bases l\u00e9gales"},"content":{"rendered":"<div class=\"wpb-content-wrapper\"><p>[vc_row][vc_column][vc_column_text]Contrairement \u00e0 la France qui a instaur\u00e9 une loi interdisant l\u2019obsolescence programm\u00e9e, la Suisse ne connait rien de tel. Notre pays n\u2019autorisant pas non plus les actions collectives permettant de regrouper les plaintes des consommateurs sur un cas particulier, les leviers pour faire bouger les fabricants sont rares. Dans le cas d\u2019une tromperie av\u00e9r\u00e9e, il est possible d\u2019invoquer la Loi contre la concurrence d\u00e9loyale (LCD), mais pour la plupart des cas que rencontrent les consommateurs, les montants sont trop faibles pour qu\u2019une proc\u00e9dure soit int\u00e9ressante. L\u2019obsolescence pourrait \u00e9galement constituer un d\u00e9faut dans le cadre des r\u00e8gles relatives \u00e0 la garantie dans le contrat de vente, mais il n\u2019y a jamais eu de jurisprudence \u00e0 ce sujet. La Suisse a en revanche repris certaines dispositions rendant obligatoire la mise \u00e0 disposition des pi\u00e8ces d\u00e9tach\u00e9es pour certains appareils \u00e9lectrom\u00e9nagers. Les travaux men\u00e9s par l\u2019Union europ\u00e9enne dans le cadre de son plan d\u2019action sur l\u2019\u00e9conomie circulaire sont toutefois beaucoup plus ambitieux que ce que pr\u00e9voit actuellement la Conf\u00e9d\u00e9ration.<\/p>\n<p><strong>Insuffisant mais en cours d\u2019\u00e9volution <\/strong><\/p>\n<p>La FRC estime que les bases l\u00e9gales ne sont pas suffisantes. Elle lutte donc d\u2019une part pour que la l\u00e9gislation autorise le regroupement de plaintes au moyen d\u2019une action collective \u2013 une r\u00e9vision du Code de proc\u00e9dure civile \u00e0 ce propos est en cours \u2013, mais aussi pour que les conditions-cadres permettent d\u2019am\u00e9liorer l\u2019offre disponible sur le march\u00e9. En ce sens, elle a soutenu ou est \u00e0 l\u2019origine du d\u00e9p\u00f4t de nombreuses interventions parlementaires depuis 2017. Lesquelles demandent notamment de prolonger la garantie des objets \u00e0 cinq ans, d\u2019am\u00e9liorer la disponibilit\u00e9 des pi\u00e8ces d\u00e9tach\u00e9es ou la r\u00e9parabilit\u00e9 des objets, ou encore d\u2019annoncer et d\u2019afficher la dur\u00e9e de vie des produits ou leur indice de r\u00e9parabilit\u00e9. Bien que ces objets aient \u00e9t\u00e9, \u00e0 quelque exceptions pr\u00e8s, refus\u00e9s ou liquid\u00e9s faute d\u2019\u00eatre trait\u00e9s dans les deux ans impartis, la r\u00e9vision de la Loi sur la protection de l\u2019environnement (LPE) actuellement \u00e0 l\u2019\u00e9tude pourrait permettre d\u2019avancer en direction d\u2019une \u00e9conomie circulaire et d\u2019une offre plus transparente et durable pour les consommateurs. La FRC suit ce dossier de pr\u00e8s et continue de s\u2019engager fortement sur le terrain comme \u00e0 Berne.[\/vc_column_text][\/vc_column][\/vc_row]<\/p>\n<\/div>","protected":false},"excerpt":{"rendered":"<p>[vc_row][vc_column][vc_column_text]Contrairement \u00e0 la France qui a instaur\u00e9 une loi interdisant l\u2019obsolescence programm\u00e9e, la Suisse ne connait rien de tel. Notre pays n\u2019autorisant pas non plus les actions collectives permettant de regrouper les plaintes des consommateurs sur un cas particulier, les leviers pour faire bouger les fabricants sont rares. Dans le cas d\u2019une tromperie av\u00e9r\u00e9e, il <a href=\"https:\/\/www.repair-cafe.ch\/fr\/sinformer\/bases-legales\/\" class=\"more-link\">&#8230;<span class=\"screen-reader-text\">  Bases l\u00e9gales<\/span><\/a><\/p>\n","protected":false},"author":1,"featured_media":691,"parent":286,"menu_order":0,"comment_status":"closed","ping_status":"closed","template":"page-wissen-infos2023.php","meta":{"_acf_changed":false,"footnotes":""},"class_list":["post-1123","page","type-page","status-publish","has-post-thumbnail","hentry"],"acf":[],"yoast_head":"<!-- This site is optimized with the Yoast SEO plugin v27.5 - https:\/\/yoast.com\/product\/yoast-seo-wordpress\/ -->\n<title>Bases l\u00e9gales - Repair Caf\u00e9<\/title>\n<meta name=\"robots\" content=\"index, follow, max-snippet:-1, max-image-preview:large, max-video-preview:-1\" \/>\n<link rel=\"canonical\" href=\"https:\/\/www.repair-cafe.ch\/fr\/sinformer\/bases-legales\/\" \/>\n<meta property=\"og:locale\" content=\"fr_FR\" \/>\n<meta property=\"og:type\" content=\"article\" \/>\n<meta property=\"og:title\" content=\"Bases l\u00e9gales - Repair Caf\u00e9\" \/>\n<meta property=\"og:description\" content=\"[vc_row][vc_column][vc_column_text]Contrairement \u00e0 la France qui a instaur\u00e9 une loi interdisant l\u2019obsolescence programm\u00e9e, la Suisse ne connait rien de tel. Notre pays n\u2019autorisant pas non plus les actions collectives permettant de regrouper les plaintes des consommateurs sur un cas particulier, les leviers pour faire bouger les fabricants sont rares. Dans le cas d\u2019une tromperie av\u00e9r\u00e9e, il ... Bases l\u00e9gales\" \/>\n<meta property=\"og:url\" content=\"https:\/\/www.repair-cafe.ch\/fr\/sinformer\/bases-legales\/\" \/>\n<meta property=\"og:site_name\" content=\"Repair Caf\u00e9\" \/>\n<meta property=\"article:modified_time\" content=\"2023-10-02T20:02:59+00:00\" \/>\n<meta property=\"og:image\" content=\"https:\/\/www.repair-cafe.ch\/wp-content\/uploads\/2023\/09\/ml23-sks-repair-cafe-131-1.jpg\" \/>\n\t<meta property=\"og:image:width\" content=\"1920\" \/>\n\t<meta property=\"og:image:height\" content=\"1280\" \/>\n\t<meta property=\"og:image:type\" content=\"image\/jpeg\" \/>\n<meta name=\"twitter:card\" content=\"summary_large_image\" \/>\n<meta name=\"twitter:label1\" content=\"Dur\u00e9e de lecture estim\u00e9e\" \/>\n\t<meta name=\"twitter:data1\" content=\"2 minutes\" \/>\n<script type=\"application\/ld+json\" class=\"yoast-schema-graph\">{\"@context\":\"https:\\\/\\\/schema.org\",\"@graph\":[{\"@type\":\"WebPage\",\"@id\":\"https:\\\/\\\/www.repair-cafe.ch\\\/fr\\\/sinformer\\\/bases-legales\\\/\",\"url\":\"https:\\\/\\\/www.repair-cafe.ch\\\/fr\\\/sinformer\\\/bases-legales\\\/\",\"name\":\"Bases l\u00e9gales - Repair Caf\u00e9\",\"isPartOf\":{\"@id\":\"https:\\\/\\\/www.repair-cafe.ch\\\/fr\\\/#website\"},\"primaryImageOfPage\":{\"@id\":\"https:\\\/\\\/www.repair-cafe.ch\\\/fr\\\/sinformer\\\/bases-legales\\\/#primaryimage\"},\"image\":{\"@id\":\"https:\\\/\\\/www.repair-cafe.ch\\\/fr\\\/sinformer\\\/bases-legales\\\/#primaryimage\"},\"thumbnailUrl\":\"https:\\\/\\\/www.repair-cafe.ch\\\/wp-content\\\/uploads\\\/2023\\\/09\\\/ml23-sks-repair-cafe-088-1-e1695989383440.jpg\",\"datePublished\":\"2023-09-27T22:08:30+00:00\",\"dateModified\":\"2023-10-02T20:02:59+00:00\",\"breadcrumb\":{\"@id\":\"https:\\\/\\\/www.repair-cafe.ch\\\/fr\\\/sinformer\\\/bases-legales\\\/#breadcrumb\"},\"inLanguage\":\"fr-FR\",\"potentialAction\":[{\"@type\":\"ReadAction\",\"target\":[\"https:\\\/\\\/www.repair-cafe.ch\\\/fr\\\/sinformer\\\/bases-legales\\\/\"]}]},{\"@type\":\"ImageObject\",\"inLanguage\":\"fr-FR\",\"@id\":\"https:\\\/\\\/www.repair-cafe.ch\\\/fr\\\/sinformer\\\/bases-legales\\\/#primaryimage\",\"url\":\"https:\\\/\\\/www.repair-cafe.ch\\\/wp-content\\\/uploads\\\/2023\\\/09\\\/ml23-sks-repair-cafe-088-1-e1695989383440.jpg\",\"contentUrl\":\"https:\\\/\\\/www.repair-cafe.ch\\\/wp-content\\\/uploads\\\/2023\\\/09\\\/ml23-sks-repair-cafe-088-1-e1695989383440.jpg\",\"width\":7008,\"height\":4099},{\"@type\":\"BreadcrumbList\",\"@id\":\"https:\\\/\\\/www.repair-cafe.ch\\\/fr\\\/sinformer\\\/bases-legales\\\/#breadcrumb\",\"itemListElement\":[{\"@type\":\"ListItem\",\"position\":1,\"name\":\"Startseite\",\"item\":\"https:\\\/\\\/www.repair-cafe.ch\\\/fr\\\/\"},{\"@type\":\"ListItem\",\"position\":2,\"name\":\"s\u2019informer\",\"item\":\"https:\\\/\\\/www.repair-cafe.ch\\\/fr\\\/sinformer\\\/\"},{\"@type\":\"ListItem\",\"position\":3,\"name\":\"Bases l\u00e9gales\"}]},{\"@type\":\"WebSite\",\"@id\":\"https:\\\/\\\/www.repair-cafe.ch\\\/fr\\\/#website\",\"url\":\"https:\\\/\\\/www.repair-cafe.ch\\\/fr\\\/\",\"name\":\"Repair Caf\u00e9\",\"description\":\"\",\"potentialAction\":[{\"@type\":\"SearchAction\",\"target\":{\"@type\":\"EntryPoint\",\"urlTemplate\":\"https:\\\/\\\/www.repair-cafe.ch\\\/fr\\\/?s={search_term_string}\"},\"query-input\":{\"@type\":\"PropertyValueSpecification\",\"valueRequired\":true,\"valueName\":\"search_term_string\"}}],\"inLanguage\":\"fr-FR\"}]}<\/script>\n<!-- \/ Yoast SEO plugin. -->","yoast_head_json":{"title":"Bases l\u00e9gales - Repair Caf\u00e9","robots":{"index":"index","follow":"follow","max-snippet":"max-snippet:-1","max-image-preview":"max-image-preview:large","max-video-preview":"max-video-preview:-1"},"canonical":"https:\/\/www.repair-cafe.ch\/fr\/sinformer\/bases-legales\/","og_locale":"fr_FR","og_type":"article","og_title":"Bases l\u00e9gales - Repair Caf\u00e9","og_description":"[vc_row][vc_column][vc_column_text]Contrairement \u00e0 la France qui a instaur\u00e9 une loi interdisant l\u2019obsolescence programm\u00e9e, la Suisse ne connait rien de tel. Notre pays n\u2019autorisant pas non plus les actions collectives permettant de regrouper les plaintes des consommateurs sur un cas particulier, les leviers pour faire bouger les fabricants sont rares. Dans le cas d\u2019une tromperie av\u00e9r\u00e9e, il ... Bases l\u00e9gales","og_url":"https:\/\/www.repair-cafe.ch\/fr\/sinformer\/bases-legales\/","og_site_name":"Repair Caf\u00e9","article_modified_time":"2023-10-02T20:02:59+00:00","og_image":[{"width":1920,"height":1280,"url":"https:\/\/www.repair-cafe.ch\/wp-content\/uploads\/2023\/09\/ml23-sks-repair-cafe-131-1.jpg","type":"image\/jpeg"}],"twitter_card":"summary_large_image","twitter_misc":{"Dur\u00e9e de lecture estim\u00e9e":"2 minutes"},"schema":{"@context":"https:\/\/schema.org","@graph":[{"@type":"WebPage","@id":"https:\/\/www.repair-cafe.ch\/fr\/sinformer\/bases-legales\/","url":"https:\/\/www.repair-cafe.ch\/fr\/sinformer\/bases-legales\/","name":"Bases l\u00e9gales - Repair Caf\u00e9","isPartOf":{"@id":"https:\/\/www.repair-cafe.ch\/fr\/#website"},"primaryImageOfPage":{"@id":"https:\/\/www.repair-cafe.ch\/fr\/sinformer\/bases-legales\/#primaryimage"},"image":{"@id":"https:\/\/www.repair-cafe.ch\/fr\/sinformer\/bases-legales\/#primaryimage"},"thumbnailUrl":"https:\/\/www.repair-cafe.ch\/wp-content\/uploads\/2023\/09\/ml23-sks-repair-cafe-088-1-e1695989383440.jpg","datePublished":"2023-09-27T22:08:30+00:00","dateModified":"2023-10-02T20:02:59+00:00","breadcrumb":{"@id":"https:\/\/www.repair-cafe.ch\/fr\/sinformer\/bases-legales\/#breadcrumb"},"inLanguage":"fr-FR","potentialAction":[{"@type":"ReadAction","target":["https:\/\/www.repair-cafe.ch\/fr\/sinformer\/bases-legales\/"]}]},{"@type":"ImageObject","inLanguage":"fr-FR","@id":"https:\/\/www.repair-cafe.ch\/fr\/sinformer\/bases-legales\/#primaryimage","url":"https:\/\/www.repair-cafe.ch\/wp-content\/uploads\/2023\/09\/ml23-sks-repair-cafe-088-1-e1695989383440.jpg","contentUrl":"https:\/\/www.repair-cafe.ch\/wp-content\/uploads\/2023\/09\/ml23-sks-repair-cafe-088-1-e1695989383440.jpg","width":7008,"height":4099},{"@type":"BreadcrumbList","@id":"https:\/\/www.repair-cafe.ch\/fr\/sinformer\/bases-legales\/#breadcrumb","itemListElement":[{"@type":"ListItem","position":1,"name":"Startseite","item":"https:\/\/www.repair-cafe.ch\/fr\/"},{"@type":"ListItem","position":2,"name":"s\u2019informer","item":"https:\/\/www.repair-cafe.ch\/fr\/sinformer\/"},{"@type":"ListItem","position":3,"name":"Bases l\u00e9gales"}]},{"@type":"WebSite","@id":"https:\/\/www.repair-cafe.ch\/fr\/#website","url":"https:\/\/www.repair-cafe.ch\/fr\/","name":"Repair Caf\u00e9","description":"","potentialAction":[{"@type":"SearchAction","target":{"@type":"EntryPoint","urlTemplate":"https:\/\/www.repair-cafe.ch\/fr\/?s={search_term_string}"},"query-input":{"@type":"PropertyValueSpecification","valueRequired":true,"valueName":"search_term_string"}}],"inLanguage":"fr-FR"}]}},"_links":{"self":[{"href":"https:\/\/www.repair-cafe.ch\/fr\/wp-json\/wp\/v2\/pages\/1123","targetHints":{"allow":["GET"]}}],"collection":[{"href":"https:\/\/www.repair-cafe.ch\/fr\/wp-json\/wp\/v2\/pages"}],"about":[{"href":"https:\/\/www.repair-cafe.ch\/fr\/wp-json\/wp\/v2\/types\/page"}],"author":[{"embeddable":true,"href":"https:\/\/www.repair-cafe.ch\/fr\/wp-json\/wp\/v2\/users\/1"}],"replies":[{"embeddable":true,"href":"https:\/\/www.repair-cafe.ch\/fr\/wp-json\/wp\/v2\/comments?post=1123"}],"version-history":[{"count":0,"href":"https:\/\/www.repair-cafe.ch\/fr\/wp-json\/wp\/v2\/pages\/1123\/revisions"}],"up":[{"embeddable":true,"href":"https:\/\/www.repair-cafe.ch\/fr\/wp-json\/wp\/v2\/pages\/286"}],"wp:featuredmedia":[{"embeddable":true,"href":"https:\/\/www.repair-cafe.ch\/fr\/wp-json\/wp\/v2\/media\/691"}],"wp:attachment":[{"href":"https:\/\/www.repair-cafe.ch\/fr\/wp-json\/wp\/v2\/media?parent=1123"}],"curies":[{"name":"wp","href":"https:\/\/api.w.org\/{rel}","templated":true}]}}