{"id":285,"date":"2023-08-08T11:34:03","date_gmt":"2023-08-08T09:34:03","guid":{"rendered":"http:\/\/localhost\/organiser\/"},"modified":"2023-10-02T18:38:11","modified_gmt":"2023-10-02T16:38:11","slug":"organiser","status":"publish","type":"page","link":"https:\/\/www.repair-cafe.ch\/fr\/organiser\/","title":{"rendered":"organiser"},"content":{"rendered":"<div class=\"wpb-content-wrapper\"><p>[vc_row][vc_column][vc_column_text]Chacun peut lancer un \u00e9v\u00e9nement dans sa commune, dans son quartier, gr\u00e2ce \u00e0 au kit du Repair caf\u00e9 gratuit et t\u00e9l\u00e9chargeable. R\u00e9dig\u00e9 de mani\u00e8re pratique et utile, il permet de d\u00e9marrer ce genre d\u2019initiative et pr\u00e9sente toutes les \u00e9tapes n\u00e9cessaires \u00e0 la mise en place et \u00e0 la r\u00e9ussite d\u2019un tel \u00e9v\u00e9nement. L\u2019objectif de cet outil: renforcer l\u2019\u00e9lan en faveur des Repair Caf\u00e9s, gr\u00e2ce au soutien technique des acteurs de la r\u00e9paration et \u00e0 la transmission de leur savoir-faire. Et cela fonctionne! Le march\u00e9 de la r\u00e9paration amateur s\u2019est renforc\u00e9 et a su cr\u00e9er l\u2019engouement pour une nouvelle mani\u00e8re de consommer plus durable. En 2022, c\u2019est une centaine de repair caf\u00e9s qui ont \u00e9t\u00e9 organis\u00e9s rien qu\u2019en Suisse romande.[\/vc_column_text][vc_column_text]<a id=\"ctabutton_black\" style=\"color: #000; text-decoration: underline;\" href=\"https:\/\/www.frc.ch\/wp-content\/uploads\/2022\/05\/Kit-Repair-cafe-FRC.pdf\" target=\"_blank\" rel=\"noopener\">kit pour lancer votre Repair caf\u00e9<\/a>[\/vc_column_text][\/vc_column][\/vc_row]<\/p>\n<\/div>","protected":false},"excerpt":{"rendered":"<p>[vc_row][vc_column][vc_column_text]Chacun peut lancer un \u00e9v\u00e9nement dans sa commune, dans son quartier, gr\u00e2ce \u00e0 au kit du Repair caf\u00e9 gratuit et t\u00e9l\u00e9chargeable. R\u00e9dig\u00e9 de mani\u00e8re pratique et utile, il permet de d\u00e9marrer ce genre d\u2019initiative et pr\u00e9sente toutes les \u00e9tapes n\u00e9cessaires \u00e0 la mise en place et \u00e0 la r\u00e9ussite d\u2019un tel \u00e9v\u00e9nement. L\u2019objectif de cet <a href=\"https:\/\/www.repair-cafe.ch\/fr\/organiser\/\" class=\"more-link\">&#8230;<span class=\"screen-reader-text\">  organiser<\/span><\/a><\/p>\n","protected":false},"author":1,"featured_media":808,"parent":0,"menu_order":0,"comment_status":"closed","ping_status":"closed","template":"page-engagieren.php","meta":{"_acf_changed":false,"footnotes":""},"class_list":["post-285","page","type-page","status-publish","has-post-thumbnail","hentry"],"acf":[],"yoast_head":"<!-- This site is optimized with the Yoast SEO plugin v27.5 - https:\/\/yoast.com\/product\/yoast-seo-wordpress\/ -->\n<title>organiser - Repair Caf\u00e9<\/title>\n<meta name=\"robots\" content=\"index, follow, max-snippet:-1, max-image-preview:large, max-video-preview:-1\" \/>\n<link rel=\"canonical\" href=\"https:\/\/www.repair-cafe.ch\/fr\/organiser\/\" \/>\n<meta property=\"og:locale\" content=\"fr_FR\" \/>\n<meta property=\"og:type\" content=\"article\" \/>\n<meta property=\"og:title\" content=\"organiser - Repair Caf\u00e9\" \/>\n<meta property=\"og:description\" content=\"[vc_row][vc_column][vc_column_text]Chacun peut lancer un \u00e9v\u00e9nement dans sa commune, dans son quartier, gr\u00e2ce \u00e0 au kit du Repair caf\u00e9 gratuit et t\u00e9l\u00e9chargeable. R\u00e9dig\u00e9 de mani\u00e8re pratique et utile, il permet de d\u00e9marrer ce genre d\u2019initiative et pr\u00e9sente toutes les \u00e9tapes n\u00e9cessaires \u00e0 la mise en place et \u00e0 la r\u00e9ussite d\u2019un tel \u00e9v\u00e9nement. L\u2019objectif de cet ... organiser\" \/>\n<meta property=\"og:url\" content=\"https:\/\/www.repair-cafe.ch\/fr\/organiser\/\" \/>\n<meta property=\"og:site_name\" content=\"Repair Caf\u00e9\" \/>\n<meta property=\"article:modified_time\" content=\"2023-10-02T16:38:11+00:00\" \/>\n<meta property=\"og:image\" content=\"https:\/\/www.repair-cafe.ch\/wp-content\/uploads\/2023\/09\/ml23-sks-repair-cafe-180-1.jpg\" \/>\n\t<meta property=\"og:image:width\" content=\"1920\" \/>\n\t<meta property=\"og:image:height\" content=\"1280\" \/>\n\t<meta property=\"og:image:type\" content=\"image\/jpeg\" \/>\n<meta name=\"twitter:card\" content=\"summary_large_image\" \/>\n<meta name=\"twitter:label1\" content=\"Dur\u00e9e de lecture estim\u00e9e\" \/>\n\t<meta name=\"twitter:data1\" content=\"2 minutes\" \/>\n<script type=\"application\/ld+json\" class=\"yoast-schema-graph\">{\"@context\":\"https:\\\/\\\/schema.org\",\"@graph\":[{\"@type\":\"WebPage\",\"@id\":\"https:\\\/\\\/www.repair-cafe.ch\\\/fr\\\/organiser\\\/\",\"url\":\"https:\\\/\\\/www.repair-cafe.ch\\\/fr\\\/organiser\\\/\",\"name\":\"organiser - Repair Caf\u00e9\",\"isPartOf\":{\"@id\":\"https:\\\/\\\/www.repair-cafe.ch\\\/fr\\\/#website\"},\"primaryImageOfPage\":{\"@id\":\"https:\\\/\\\/www.repair-cafe.ch\\\/fr\\\/organiser\\\/#primaryimage\"},\"image\":{\"@id\":\"https:\\\/\\\/www.repair-cafe.ch\\\/fr\\\/organiser\\\/#primaryimage\"},\"thumbnailUrl\":\"https:\\\/\\\/www.repair-cafe.ch\\\/wp-content\\\/uploads\\\/2023\\\/09\\\/ml23-sks-repair-cafe-180-1.jpg\",\"datePublished\":\"2023-08-08T09:34:03+00:00\",\"dateModified\":\"2023-10-02T16:38:11+00:00\",\"breadcrumb\":{\"@id\":\"https:\\\/\\\/www.repair-cafe.ch\\\/fr\\\/organiser\\\/#breadcrumb\"},\"inLanguage\":\"fr-FR\",\"potentialAction\":[{\"@type\":\"ReadAction\",\"target\":[\"https:\\\/\\\/www.repair-cafe.ch\\\/fr\\\/organiser\\\/\"]}]},{\"@type\":\"ImageObject\",\"inLanguage\":\"fr-FR\",\"@id\":\"https:\\\/\\\/www.repair-cafe.ch\\\/fr\\\/organiser\\\/#primaryimage\",\"url\":\"https:\\\/\\\/www.repair-cafe.ch\\\/wp-content\\\/uploads\\\/2023\\\/09\\\/ml23-sks-repair-cafe-180-1.jpg\",\"contentUrl\":\"https:\\\/\\\/www.repair-cafe.ch\\\/wp-content\\\/uploads\\\/2023\\\/09\\\/ml23-sks-repair-cafe-180-1.jpg\",\"width\":1920,\"height\":1280},{\"@type\":\"BreadcrumbList\",\"@id\":\"https:\\\/\\\/www.repair-cafe.ch\\\/fr\\\/organiser\\\/#breadcrumb\",\"itemListElement\":[{\"@type\":\"ListItem\",\"position\":1,\"name\":\"Startseite\",\"item\":\"https:\\\/\\\/www.repair-cafe.ch\\\/fr\\\/\"},{\"@type\":\"ListItem\",\"position\":2,\"name\":\"organiser\"}]},{\"@type\":\"WebSite\",\"@id\":\"https:\\\/\\\/www.repair-cafe.ch\\\/fr\\\/#website\",\"url\":\"https:\\\/\\\/www.repair-cafe.ch\\\/fr\\\/\",\"name\":\"Repair Caf\u00e9\",\"description\":\"\",\"potentialAction\":[{\"@type\":\"SearchAction\",\"target\":{\"@type\":\"EntryPoint\",\"urlTemplate\":\"https:\\\/\\\/www.repair-cafe.ch\\\/fr\\\/?s={search_term_string}\"},\"query-input\":{\"@type\":\"PropertyValueSpecification\",\"valueRequired\":true,\"valueName\":\"search_term_string\"}}],\"inLanguage\":\"fr-FR\"}]}<\/script>\n<!-- \/ Yoast SEO plugin. -->","yoast_head_json":{"title":"organiser - Repair Caf\u00e9","robots":{"index":"index","follow":"follow","max-snippet":"max-snippet:-1","max-image-preview":"max-image-preview:large","max-video-preview":"max-video-preview:-1"},"canonical":"https:\/\/www.repair-cafe.ch\/fr\/organiser\/","og_locale":"fr_FR","og_type":"article","og_title":"organiser - Repair Caf\u00e9","og_description":"[vc_row][vc_column][vc_column_text]Chacun peut lancer un \u00e9v\u00e9nement dans sa commune, dans son quartier, gr\u00e2ce \u00e0 au kit du Repair caf\u00e9 gratuit et t\u00e9l\u00e9chargeable. R\u00e9dig\u00e9 de mani\u00e8re pratique et utile, il permet de d\u00e9marrer ce genre d\u2019initiative et pr\u00e9sente toutes les \u00e9tapes n\u00e9cessaires \u00e0 la mise en place et \u00e0 la r\u00e9ussite d\u2019un tel \u00e9v\u00e9nement. L\u2019objectif de cet ... organiser","og_url":"https:\/\/www.repair-cafe.ch\/fr\/organiser\/","og_site_name":"Repair Caf\u00e9","article_modified_time":"2023-10-02T16:38:11+00:00","og_image":[{"width":1920,"height":1280,"url":"https:\/\/www.repair-cafe.ch\/wp-content\/uploads\/2023\/09\/ml23-sks-repair-cafe-180-1.jpg","type":"image\/jpeg"}],"twitter_card":"summary_large_image","twitter_misc":{"Dur\u00e9e de lecture estim\u00e9e":"2 minutes"},"schema":{"@context":"https:\/\/schema.org","@graph":[{"@type":"WebPage","@id":"https:\/\/www.repair-cafe.ch\/fr\/organiser\/","url":"https:\/\/www.repair-cafe.ch\/fr\/organiser\/","name":"organiser - Repair Caf\u00e9","isPartOf":{"@id":"https:\/\/www.repair-cafe.ch\/fr\/#website"},"primaryImageOfPage":{"@id":"https:\/\/www.repair-cafe.ch\/fr\/organiser\/#primaryimage"},"image":{"@id":"https:\/\/www.repair-cafe.ch\/fr\/organiser\/#primaryimage"},"thumbnailUrl":"https:\/\/www.repair-cafe.ch\/wp-content\/uploads\/2023\/09\/ml23-sks-repair-cafe-180-1.jpg","datePublished":"2023-08-08T09:34:03+00:00","dateModified":"2023-10-02T16:38:11+00:00","breadcrumb":{"@id":"https:\/\/www.repair-cafe.ch\/fr\/organiser\/#breadcrumb"},"inLanguage":"fr-FR","potentialAction":[{"@type":"ReadAction","target":["https:\/\/www.repair-cafe.ch\/fr\/organiser\/"]}]},{"@type":"ImageObject","inLanguage":"fr-FR","@id":"https:\/\/www.repair-cafe.ch\/fr\/organiser\/#primaryimage","url":"https:\/\/www.repair-cafe.ch\/wp-content\/uploads\/2023\/09\/ml23-sks-repair-cafe-180-1.jpg","contentUrl":"https:\/\/www.repair-cafe.ch\/wp-content\/uploads\/2023\/09\/ml23-sks-repair-cafe-180-1.jpg","width":1920,"height":1280},{"@type":"BreadcrumbList","@id":"https:\/\/www.repair-cafe.ch\/fr\/organiser\/#breadcrumb","itemListElement":[{"@type":"ListItem","position":1,"name":"Startseite","item":"https:\/\/www.repair-cafe.ch\/fr\/"},{"@type":"ListItem","position":2,"name":"organiser"}]},{"@type":"WebSite","@id":"https:\/\/www.repair-cafe.ch\/fr\/#website","url":"https:\/\/www.repair-cafe.ch\/fr\/","name":"Repair Caf\u00e9","description":"","potentialAction":[{"@type":"SearchAction","target":{"@type":"EntryPoint","urlTemplate":"https:\/\/www.repair-cafe.ch\/fr\/?s={search_term_string}"},"query-input":{"@type":"PropertyValueSpecification","valueRequired":true,"valueName":"search_term_string"}}],"inLanguage":"fr-FR"}]}},"_links":{"self":[{"href":"https:\/\/www.repair-cafe.ch\/fr\/wp-json\/wp\/v2\/pages\/285","targetHints":{"allow":["GET"]}}],"collection":[{"href":"https:\/\/www.repair-cafe.ch\/fr\/wp-json\/wp\/v2\/pages"}],"about":[{"href":"https:\/\/www.repair-cafe.ch\/fr\/wp-json\/wp\/v2\/types\/page"}],"author":[{"embeddable":true,"href":"https:\/\/www.repair-cafe.ch\/fr\/wp-json\/wp\/v2\/users\/1"}],"replies":[{"embeddable":true,"href":"https:\/\/www.repair-cafe.ch\/fr\/wp-json\/wp\/v2\/comments?post=285"}],"version-history":[{"count":0,"href":"https:\/\/www.repair-cafe.ch\/fr\/wp-json\/wp\/v2\/pages\/285\/revisions"}],"wp:featuredmedia":[{"embeddable":true,"href":"https:\/\/www.repair-cafe.ch\/fr\/wp-json\/wp\/v2\/media\/808"}],"wp:attachment":[{"href":"https:\/\/www.repair-cafe.ch\/fr\/wp-json\/wp\/v2\/media?parent=285"}],"curies":[{"name":"wp","href":"https:\/\/api.w.org\/{rel}","templated":true}]}}