{"id":287,"date":"2023-08-08T11:50:52","date_gmt":"2023-08-08T09:50:52","guid":{"rendered":"http:\/\/localhost\/login\/"},"modified":"2023-11-06T16:09:31","modified_gmt":"2023-11-06T15:09:31","slug":"login","status":"publish","type":"page","link":"https:\/\/www.repair-cafe.ch\/fr\/login\/","title":{"rendered":"login"},"content":{"rendered":"<div class=\"wpb-content-wrapper\"><p>[vc_row disable_element=\u00a0\u00bbyes\u00a0\u00bb][vc_column][vc_column_text]En raison de travaux de maintenance, le login n&rsquo;est pas disponible jusqu&rsquo;\u00e0 fin octobre 2023.<\/p>\n<p>Veuillez signaler les modifications urgentes des \u00e9v\u00e9nements existants directement \u00e0 <a href=\"mailto:En raison de travaux de maintenance, le login n'est pas disponible jusqu'\u00e0 fin octobre 2023. Veuillez signaler les modifications urgentes des \u00e9v\u00e9nements existants directement \u00e0 repaircafe@frc.ch. Nous vous remercions de votre compr\u00e9hension.\">repaircafe@frc.ch<\/a>.<\/p>\n<p>Nous vous remercions de votre compr\u00e9hension.[\/vc_column_text][\/vc_column][\/vc_row]<\/p>\n<\/div>","protected":false},"excerpt":{"rendered":"<p>[vc_row disable_element=\u00a0\u00bbyes\u00a0\u00bb][vc_column][vc_column_text]En raison de travaux de maintenance, le login n&rsquo;est pas disponible jusqu&rsquo;\u00e0 fin octobre 2023. Veuillez signaler les modifications urgentes des \u00e9v\u00e9nements existants directement \u00e0 repaircafe@frc.ch. Nous vous remercions de votre compr\u00e9hension.[\/vc_column_text][\/vc_column][\/vc_row]<\/p>\n","protected":false},"author":1,"featured_media":655,"parent":0,"menu_order":0,"comment_status":"closed","ping_status":"closed","template":"page-login.php","meta":{"_acf_changed":false,"footnotes":""},"class_list":["post-287","page","type-page","status-publish","has-post-thumbnail","hentry"],"acf":[],"yoast_head":"<!-- This site is optimized with the Yoast SEO plugin v27.5 - https:\/\/yoast.com\/product\/yoast-seo-wordpress\/ -->\n<title>login - Repair Caf\u00e9<\/title>\n<meta name=\"robots\" content=\"index, follow, max-snippet:-1, max-image-preview:large, max-video-preview:-1\" \/>\n<link rel=\"canonical\" href=\"https:\/\/www.repair-cafe.ch\/fr\/login\/\" \/>\n<meta property=\"og:locale\" content=\"fr_FR\" \/>\n<meta property=\"og:type\" content=\"article\" \/>\n<meta property=\"og:title\" content=\"login - Repair Caf\u00e9\" \/>\n<meta property=\"og:description\" content=\"[vc_row disable_element=\u00a0\u00bbyes\u00a0\u00bb][vc_column][vc_column_text]En raison de travaux de maintenance, le login n&rsquo;est pas disponible jusqu&rsquo;\u00e0 fin octobre 2023. Veuillez signaler les modifications urgentes des \u00e9v\u00e9nements existants directement \u00e0 repaircafe@frc.ch. Nous vous remercions de votre compr\u00e9hension.[\/vc_column_text][\/vc_column][\/vc_row]\" \/>\n<meta property=\"og:url\" content=\"https:\/\/www.repair-cafe.ch\/fr\/login\/\" \/>\n<meta property=\"og:site_name\" content=\"Repair Caf\u00e9\" \/>\n<meta property=\"article:modified_time\" content=\"2023-11-06T15:09:31+00:00\" \/>\n<meta property=\"og:image\" content=\"https:\/\/www.repair-cafe.ch\/wp-content\/uploads\/2023\/09\/ml23-sks-repair-cafe-061-1.jpg\" \/>\n\t<meta property=\"og:image:width\" content=\"1920\" \/>\n\t<meta property=\"og:image:height\" content=\"1280\" \/>\n\t<meta property=\"og:image:type\" content=\"image\/jpeg\" \/>\n<meta name=\"twitter:card\" content=\"summary_large_image\" \/>\n<meta name=\"twitter:label1\" content=\"Dur\u00e9e de lecture estim\u00e9e\" \/>\n\t<meta name=\"twitter:data1\" content=\"1 minute\" \/>\n<script type=\"application\/ld+json\" class=\"yoast-schema-graph\">{\"@context\":\"https:\\\/\\\/schema.org\",\"@graph\":[{\"@type\":\"WebPage\",\"@id\":\"https:\\\/\\\/www.repair-cafe.ch\\\/fr\\\/login\\\/\",\"url\":\"https:\\\/\\\/www.repair-cafe.ch\\\/fr\\\/login\\\/\",\"name\":\"login - Repair Caf\u00e9\",\"isPartOf\":{\"@id\":\"https:\\\/\\\/www.repair-cafe.ch\\\/fr\\\/#website\"},\"primaryImageOfPage\":{\"@id\":\"https:\\\/\\\/www.repair-cafe.ch\\\/fr\\\/login\\\/#primaryimage\"},\"image\":{\"@id\":\"https:\\\/\\\/www.repair-cafe.ch\\\/fr\\\/login\\\/#primaryimage\"},\"thumbnailUrl\":\"https:\\\/\\\/www.repair-cafe.ch\\\/wp-content\\\/uploads\\\/2023\\\/09\\\/ml23-sks-repair-cafe-061-1.jpg\",\"datePublished\":\"2023-08-08T09:50:52+00:00\",\"dateModified\":\"2023-11-06T15:09:31+00:00\",\"breadcrumb\":{\"@id\":\"https:\\\/\\\/www.repair-cafe.ch\\\/fr\\\/login\\\/#breadcrumb\"},\"inLanguage\":\"fr-FR\",\"potentialAction\":[{\"@type\":\"ReadAction\",\"target\":[\"https:\\\/\\\/www.repair-cafe.ch\\\/fr\\\/login\\\/\"]}]},{\"@type\":\"ImageObject\",\"inLanguage\":\"fr-FR\",\"@id\":\"https:\\\/\\\/www.repair-cafe.ch\\\/fr\\\/login\\\/#primaryimage\",\"url\":\"https:\\\/\\\/www.repair-cafe.ch\\\/wp-content\\\/uploads\\\/2023\\\/09\\\/ml23-sks-repair-cafe-061-1.jpg\",\"contentUrl\":\"https:\\\/\\\/www.repair-cafe.ch\\\/wp-content\\\/uploads\\\/2023\\\/09\\\/ml23-sks-repair-cafe-061-1.jpg\",\"width\":1920,\"height\":1280},{\"@type\":\"BreadcrumbList\",\"@id\":\"https:\\\/\\\/www.repair-cafe.ch\\\/fr\\\/login\\\/#breadcrumb\",\"itemListElement\":[{\"@type\":\"ListItem\",\"position\":1,\"name\":\"Startseite\",\"item\":\"https:\\\/\\\/www.repair-cafe.ch\\\/fr\\\/\"},{\"@type\":\"ListItem\",\"position\":2,\"name\":\"login\"}]},{\"@type\":\"WebSite\",\"@id\":\"https:\\\/\\\/www.repair-cafe.ch\\\/fr\\\/#website\",\"url\":\"https:\\\/\\\/www.repair-cafe.ch\\\/fr\\\/\",\"name\":\"Repair Caf\u00e9\",\"description\":\"\",\"potentialAction\":[{\"@type\":\"SearchAction\",\"target\":{\"@type\":\"EntryPoint\",\"urlTemplate\":\"https:\\\/\\\/www.repair-cafe.ch\\\/fr\\\/?s={search_term_string}\"},\"query-input\":{\"@type\":\"PropertyValueSpecification\",\"valueRequired\":true,\"valueName\":\"search_term_string\"}}],\"inLanguage\":\"fr-FR\"}]}<\/script>\n<!-- \/ Yoast SEO plugin. -->","yoast_head_json":{"title":"login - Repair Caf\u00e9","robots":{"index":"index","follow":"follow","max-snippet":"max-snippet:-1","max-image-preview":"max-image-preview:large","max-video-preview":"max-video-preview:-1"},"canonical":"https:\/\/www.repair-cafe.ch\/fr\/login\/","og_locale":"fr_FR","og_type":"article","og_title":"login - Repair Caf\u00e9","og_description":"[vc_row disable_element=\u00a0\u00bbyes\u00a0\u00bb][vc_column][vc_column_text]En raison de travaux de maintenance, le login n&rsquo;est pas disponible jusqu&rsquo;\u00e0 fin octobre 2023. Veuillez signaler les modifications urgentes des \u00e9v\u00e9nements existants directement \u00e0 repaircafe@frc.ch. Nous vous remercions de votre compr\u00e9hension.[\/vc_column_text][\/vc_column][\/vc_row]","og_url":"https:\/\/www.repair-cafe.ch\/fr\/login\/","og_site_name":"Repair Caf\u00e9","article_modified_time":"2023-11-06T15:09:31+00:00","og_image":[{"width":1920,"height":1280,"url":"https:\/\/www.repair-cafe.ch\/wp-content\/uploads\/2023\/09\/ml23-sks-repair-cafe-061-1.jpg","type":"image\/jpeg"}],"twitter_card":"summary_large_image","twitter_misc":{"Dur\u00e9e de lecture estim\u00e9e":"1 minute"},"schema":{"@context":"https:\/\/schema.org","@graph":[{"@type":"WebPage","@id":"https:\/\/www.repair-cafe.ch\/fr\/login\/","url":"https:\/\/www.repair-cafe.ch\/fr\/login\/","name":"login - Repair Caf\u00e9","isPartOf":{"@id":"https:\/\/www.repair-cafe.ch\/fr\/#website"},"primaryImageOfPage":{"@id":"https:\/\/www.repair-cafe.ch\/fr\/login\/#primaryimage"},"image":{"@id":"https:\/\/www.repair-cafe.ch\/fr\/login\/#primaryimage"},"thumbnailUrl":"https:\/\/www.repair-cafe.ch\/wp-content\/uploads\/2023\/09\/ml23-sks-repair-cafe-061-1.jpg","datePublished":"2023-08-08T09:50:52+00:00","dateModified":"2023-11-06T15:09:31+00:00","breadcrumb":{"@id":"https:\/\/www.repair-cafe.ch\/fr\/login\/#breadcrumb"},"inLanguage":"fr-FR","potentialAction":[{"@type":"ReadAction","target":["https:\/\/www.repair-cafe.ch\/fr\/login\/"]}]},{"@type":"ImageObject","inLanguage":"fr-FR","@id":"https:\/\/www.repair-cafe.ch\/fr\/login\/#primaryimage","url":"https:\/\/www.repair-cafe.ch\/wp-content\/uploads\/2023\/09\/ml23-sks-repair-cafe-061-1.jpg","contentUrl":"https:\/\/www.repair-cafe.ch\/wp-content\/uploads\/2023\/09\/ml23-sks-repair-cafe-061-1.jpg","width":1920,"height":1280},{"@type":"BreadcrumbList","@id":"https:\/\/www.repair-cafe.ch\/fr\/login\/#breadcrumb","itemListElement":[{"@type":"ListItem","position":1,"name":"Startseite","item":"https:\/\/www.repair-cafe.ch\/fr\/"},{"@type":"ListItem","position":2,"name":"login"}]},{"@type":"WebSite","@id":"https:\/\/www.repair-cafe.ch\/fr\/#website","url":"https:\/\/www.repair-cafe.ch\/fr\/","name":"Repair Caf\u00e9","description":"","potentialAction":[{"@type":"SearchAction","target":{"@type":"EntryPoint","urlTemplate":"https:\/\/www.repair-cafe.ch\/fr\/?s={search_term_string}"},"query-input":{"@type":"PropertyValueSpecification","valueRequired":true,"valueName":"search_term_string"}}],"inLanguage":"fr-FR"}]}},"_links":{"self":[{"href":"https:\/\/www.repair-cafe.ch\/fr\/wp-json\/wp\/v2\/pages\/287","targetHints":{"allow":["GET"]}}],"collection":[{"href":"https:\/\/www.repair-cafe.ch\/fr\/wp-json\/wp\/v2\/pages"}],"about":[{"href":"https:\/\/www.repair-cafe.ch\/fr\/wp-json\/wp\/v2\/types\/page"}],"author":[{"embeddable":true,"href":"https:\/\/www.repair-cafe.ch\/fr\/wp-json\/wp\/v2\/users\/1"}],"replies":[{"embeddable":true,"href":"https:\/\/www.repair-cafe.ch\/fr\/wp-json\/wp\/v2\/comments?post=287"}],"version-history":[{"count":0,"href":"https:\/\/www.repair-cafe.ch\/fr\/wp-json\/wp\/v2\/pages\/287\/revisions"}],"wp:featuredmedia":[{"embeddable":true,"href":"https:\/\/www.repair-cafe.ch\/fr\/wp-json\/wp\/v2\/media\/655"}],"wp:attachment":[{"href":"https:\/\/www.repair-cafe.ch\/fr\/wp-json\/wp\/v2\/media?parent=287"}],"curies":[{"name":"wp","href":"https:\/\/api.w.org\/{rel}","templated":true}]}}