{"id":300,"date":"2023-08-08T12:05:43","date_gmt":"2023-08-08T10:05:43","guid":{"rendered":"http:\/\/localhost\/impressum\/"},"modified":"2024-05-08T12:58:42","modified_gmt":"2024-05-08T10:58:42","slug":"impressum","status":"publish","type":"page","link":"https:\/\/www.repair-cafe.ch\/fr\/impressum\/","title":{"rendered":"Impressum"},"content":{"rendered":"<p>F\u00fcr die Inhalte der Repair Caf\u00e9 Unterseiten (<em>https:\/\/www.repair-cafe.ch\/repair-cafe\/*)<\/em> sind die jeweiligen Repair Caf\u00e9s verantwortlich. Die Repair Caf\u00e9s m\u00fcssen sicherstellen, dass die Inhalte ihrer Unterseiten korrekt sind und nicht gegen geltendes Recht (z.B. Urheberrecht) verstossen.<br \/>\nDie Konsumentenschutzorganisationen Konsumentenschutz, FRC und ACSI unterhalten die Plattform repair-cafe.ch und stellen den Repair Caf\u00e9s kostenlos eigene Unterseiten zur Verf\u00fcgung. Sie \u00fcberpr\u00fcfen die Inhalte der Repair Caf\u00e9 Unterseiten nicht und sind f\u00fcr die Inhalte weder verantwortlich noch haftbar. Die Konsumentenschutzorganisationen \u00fcbernehmen keinerlei Gew\u00e4hr f\u00fcr die Aktualit\u00e4t, Korrektheit, Vollst\u00e4ndigkeit oder Qualit\u00e4t der von den Repair Caf\u00e9s bereitgestellten Inhalte.<\/p>\n<p>Auf entsprechenden Hinweis werden rechtswidrige Inhalte umgehend entfernt und betroffene Repair Caf\u00e9s dar\u00fcber informiert.<\/p>\n<p>&nbsp;<\/p>\n<h2><strong>Verantwortlich f\u00fcr die Webseite und den deutschen Inhalt:<\/strong><\/h2>\n<p>Stiftung f\u00fcr Konsumentenschutz<br \/>\nNordring 4<br \/>\nPostfach<br \/>\n3001 Bern<\/p>\n<p>info@konsumentenschutz.ch<br \/>\nTelefon +41 31 370 24 24<\/p>\n<h2><strong>Verantwortlich f\u00fcr den franz\u00f6sischen Inhalt:<\/strong><\/h2>\n<p>F\u00e9d\u00e9ration romande des consommateurs<br \/>\nCase postale 6151<br \/>\nCH \u2013 1002 LAUSANNE<\/p>\n<p>info@frc.ch<br \/>\nFRC Secr\u00e9tariat central: +41 21 331 00 90<\/p>\n<h2><strong>Verantwortlich f\u00fcr den italienischen Inhalt:<\/strong><\/h2>\n<p>Associazione consumatrici e consumatori della Svizzera italiana<br \/>\nStrada di Pregassona 33<br \/>\n6963 Pregassona<\/p>\n<p>acsi@acsi.ch<br \/>\nTel. +41 91 922 97 55<\/p>\n","protected":false},"excerpt":{"rendered":"<p>F\u00fcr die Inhalte der Repair Caf\u00e9 Unterseiten (https:\/\/www.repair-cafe.ch\/repair-cafe\/*) sind die jeweiligen Repair Caf\u00e9s verantwortlich. Die Repair Caf\u00e9s m\u00fcssen sicherstellen, dass die Inhalte ihrer Unterseiten korrekt sind und nicht gegen geltendes Recht (z.B. Urheberrecht) verstossen. Die Konsumentenschutzorganisationen Konsumentenschutz, FRC und ACSI unterhalten die Plattform repair-cafe.ch und stellen den Repair Caf\u00e9s kostenlos eigene Unterseiten zur Verf\u00fcgung. Sie <a href=\"https:\/\/www.repair-cafe.ch\/fr\/impressum\/\" class=\"more-link\">&#8230;<span class=\"screen-reader-text\">  Impressum<\/span><\/a><\/p>\n","protected":false},"author":1,"featured_media":373,"parent":0,"menu_order":0,"comment_status":"closed","ping_status":"closed","template":"page-textcontent.php","meta":{"_acf_changed":false,"footnotes":""},"class_list":["post-300","page","type-page","status-publish","has-post-thumbnail","hentry"],"acf":[],"yoast_head":"<!-- This site is optimized with the Yoast SEO plugin v27.3 - https:\/\/yoast.com\/product\/yoast-seo-wordpress\/ -->\n<title>Impressum - Repair Caf\u00e9<\/title>\n<meta name=\"robots\" content=\"index, follow, max-snippet:-1, max-image-preview:large, max-video-preview:-1\" \/>\n<link rel=\"canonical\" href=\"https:\/\/www.repair-cafe.ch\/fr\/impressum\/\" \/>\n<meta property=\"og:locale\" content=\"fr_FR\" \/>\n<meta property=\"og:type\" content=\"article\" \/>\n<meta property=\"og:title\" content=\"Impressum - Repair Caf\u00e9\" \/>\n<meta property=\"og:description\" content=\"F\u00fcr die Inhalte der Repair Caf\u00e9 Unterseiten (https:\/\/www.repair-cafe.ch\/repair-cafe\/*) sind die jeweiligen Repair Caf\u00e9s verantwortlich. Die Repair Caf\u00e9s m\u00fcssen sicherstellen, dass die Inhalte ihrer Unterseiten korrekt sind und nicht gegen geltendes Recht (z.B. Urheberrecht) verstossen. Die Konsumentenschutzorganisationen Konsumentenschutz, FRC und ACSI unterhalten die Plattform repair-cafe.ch und stellen den Repair Caf\u00e9s kostenlos eigene Unterseiten zur Verf\u00fcgung. Sie ... Impressum\" \/>\n<meta property=\"og:url\" content=\"https:\/\/www.repair-cafe.ch\/fr\/impressum\/\" \/>\n<meta property=\"og:site_name\" content=\"Repair Caf\u00e9\" \/>\n<meta property=\"article:modified_time\" content=\"2024-05-08T10:58:42+00:00\" \/>\n<meta property=\"og:image\" content=\"https:\/\/www.repair-cafe.ch\/wp-content\/uploads\/2023\/09\/slide05.jpg\" \/>\n\t<meta property=\"og:image:width\" content=\"1601\" \/>\n\t<meta property=\"og:image:height\" content=\"709\" \/>\n\t<meta property=\"og:image:type\" content=\"image\/jpeg\" \/>\n<meta name=\"twitter:card\" content=\"summary_large_image\" \/>\n<meta name=\"twitter:label1\" content=\"Dur\u00e9e de lecture estim\u00e9e\" \/>\n\t<meta name=\"twitter:data1\" content=\"2 minutes\" \/>\n<script type=\"application\/ld+json\" class=\"yoast-schema-graph\">{\"@context\":\"https:\\\/\\\/schema.org\",\"@graph\":[{\"@type\":\"WebPage\",\"@id\":\"https:\\\/\\\/www.repair-cafe.ch\\\/fr\\\/impressum\\\/\",\"url\":\"https:\\\/\\\/www.repair-cafe.ch\\\/fr\\\/impressum\\\/\",\"name\":\"Impressum - Repair Caf\u00e9\",\"isPartOf\":{\"@id\":\"https:\\\/\\\/www.repair-cafe.ch\\\/fr\\\/#website\"},\"primaryImageOfPage\":{\"@id\":\"https:\\\/\\\/www.repair-cafe.ch\\\/fr\\\/impressum\\\/#primaryimage\"},\"image\":{\"@id\":\"https:\\\/\\\/www.repair-cafe.ch\\\/fr\\\/impressum\\\/#primaryimage\"},\"thumbnailUrl\":\"https:\\\/\\\/www.repair-cafe.ch\\\/wp-content\\\/uploads\\\/2023\\\/09\\\/slide05.jpg\",\"datePublished\":\"2023-08-08T10:05:43+00:00\",\"dateModified\":\"2024-05-08T10:58:42+00:00\",\"breadcrumb\":{\"@id\":\"https:\\\/\\\/www.repair-cafe.ch\\\/fr\\\/impressum\\\/#breadcrumb\"},\"inLanguage\":\"fr-FR\",\"potentialAction\":[{\"@type\":\"ReadAction\",\"target\":[\"https:\\\/\\\/www.repair-cafe.ch\\\/fr\\\/impressum\\\/\"]}]},{\"@type\":\"ImageObject\",\"inLanguage\":\"fr-FR\",\"@id\":\"https:\\\/\\\/www.repair-cafe.ch\\\/fr\\\/impressum\\\/#primaryimage\",\"url\":\"https:\\\/\\\/www.repair-cafe.ch\\\/wp-content\\\/uploads\\\/2023\\\/09\\\/slide05.jpg\",\"contentUrl\":\"https:\\\/\\\/www.repair-cafe.ch\\\/wp-content\\\/uploads\\\/2023\\\/09\\\/slide05.jpg\",\"width\":1601,\"height\":709},{\"@type\":\"BreadcrumbList\",\"@id\":\"https:\\\/\\\/www.repair-cafe.ch\\\/fr\\\/impressum\\\/#breadcrumb\",\"itemListElement\":[{\"@type\":\"ListItem\",\"position\":1,\"name\":\"Startseite\",\"item\":\"https:\\\/\\\/www.repair-cafe.ch\\\/fr\\\/\"},{\"@type\":\"ListItem\",\"position\":2,\"name\":\"Impressum\"}]},{\"@type\":\"WebSite\",\"@id\":\"https:\\\/\\\/www.repair-cafe.ch\\\/fr\\\/#website\",\"url\":\"https:\\\/\\\/www.repair-cafe.ch\\\/fr\\\/\",\"name\":\"Repair Caf\u00e9\",\"description\":\"\",\"potentialAction\":[{\"@type\":\"SearchAction\",\"target\":{\"@type\":\"EntryPoint\",\"urlTemplate\":\"https:\\\/\\\/www.repair-cafe.ch\\\/fr\\\/?s={search_term_string}\"},\"query-input\":{\"@type\":\"PropertyValueSpecification\",\"valueRequired\":true,\"valueName\":\"search_term_string\"}}],\"inLanguage\":\"fr-FR\"}]}<\/script>\n<!-- \/ Yoast SEO plugin. -->","yoast_head_json":{"title":"Impressum - Repair Caf\u00e9","robots":{"index":"index","follow":"follow","max-snippet":"max-snippet:-1","max-image-preview":"max-image-preview:large","max-video-preview":"max-video-preview:-1"},"canonical":"https:\/\/www.repair-cafe.ch\/fr\/impressum\/","og_locale":"fr_FR","og_type":"article","og_title":"Impressum - Repair Caf\u00e9","og_description":"F\u00fcr die Inhalte der Repair Caf\u00e9 Unterseiten (https:\/\/www.repair-cafe.ch\/repair-cafe\/*) sind die jeweiligen Repair Caf\u00e9s verantwortlich. Die Repair Caf\u00e9s m\u00fcssen sicherstellen, dass die Inhalte ihrer Unterseiten korrekt sind und nicht gegen geltendes Recht (z.B. Urheberrecht) verstossen. Die Konsumentenschutzorganisationen Konsumentenschutz, FRC und ACSI unterhalten die Plattform repair-cafe.ch und stellen den Repair Caf\u00e9s kostenlos eigene Unterseiten zur Verf\u00fcgung. Sie ... Impressum","og_url":"https:\/\/www.repair-cafe.ch\/fr\/impressum\/","og_site_name":"Repair Caf\u00e9","article_modified_time":"2024-05-08T10:58:42+00:00","og_image":[{"width":1601,"height":709,"url":"https:\/\/www.repair-cafe.ch\/wp-content\/uploads\/2023\/09\/slide05.jpg","type":"image\/jpeg"}],"twitter_card":"summary_large_image","twitter_misc":{"Dur\u00e9e de lecture estim\u00e9e":"2 minutes"},"schema":{"@context":"https:\/\/schema.org","@graph":[{"@type":"WebPage","@id":"https:\/\/www.repair-cafe.ch\/fr\/impressum\/","url":"https:\/\/www.repair-cafe.ch\/fr\/impressum\/","name":"Impressum - Repair Caf\u00e9","isPartOf":{"@id":"https:\/\/www.repair-cafe.ch\/fr\/#website"},"primaryImageOfPage":{"@id":"https:\/\/www.repair-cafe.ch\/fr\/impressum\/#primaryimage"},"image":{"@id":"https:\/\/www.repair-cafe.ch\/fr\/impressum\/#primaryimage"},"thumbnailUrl":"https:\/\/www.repair-cafe.ch\/wp-content\/uploads\/2023\/09\/slide05.jpg","datePublished":"2023-08-08T10:05:43+00:00","dateModified":"2024-05-08T10:58:42+00:00","breadcrumb":{"@id":"https:\/\/www.repair-cafe.ch\/fr\/impressum\/#breadcrumb"},"inLanguage":"fr-FR","potentialAction":[{"@type":"ReadAction","target":["https:\/\/www.repair-cafe.ch\/fr\/impressum\/"]}]},{"@type":"ImageObject","inLanguage":"fr-FR","@id":"https:\/\/www.repair-cafe.ch\/fr\/impressum\/#primaryimage","url":"https:\/\/www.repair-cafe.ch\/wp-content\/uploads\/2023\/09\/slide05.jpg","contentUrl":"https:\/\/www.repair-cafe.ch\/wp-content\/uploads\/2023\/09\/slide05.jpg","width":1601,"height":709},{"@type":"BreadcrumbList","@id":"https:\/\/www.repair-cafe.ch\/fr\/impressum\/#breadcrumb","itemListElement":[{"@type":"ListItem","position":1,"name":"Startseite","item":"https:\/\/www.repair-cafe.ch\/fr\/"},{"@type":"ListItem","position":2,"name":"Impressum"}]},{"@type":"WebSite","@id":"https:\/\/www.repair-cafe.ch\/fr\/#website","url":"https:\/\/www.repair-cafe.ch\/fr\/","name":"Repair Caf\u00e9","description":"","potentialAction":[{"@type":"SearchAction","target":{"@type":"EntryPoint","urlTemplate":"https:\/\/www.repair-cafe.ch\/fr\/?s={search_term_string}"},"query-input":{"@type":"PropertyValueSpecification","valueRequired":true,"valueName":"search_term_string"}}],"inLanguage":"fr-FR"}]}},"_links":{"self":[{"href":"https:\/\/www.repair-cafe.ch\/fr\/wp-json\/wp\/v2\/pages\/300","targetHints":{"allow":["GET"]}}],"collection":[{"href":"https:\/\/www.repair-cafe.ch\/fr\/wp-json\/wp\/v2\/pages"}],"about":[{"href":"https:\/\/www.repair-cafe.ch\/fr\/wp-json\/wp\/v2\/types\/page"}],"author":[{"embeddable":true,"href":"https:\/\/www.repair-cafe.ch\/fr\/wp-json\/wp\/v2\/users\/1"}],"replies":[{"embeddable":true,"href":"https:\/\/www.repair-cafe.ch\/fr\/wp-json\/wp\/v2\/comments?post=300"}],"version-history":[{"count":0,"href":"https:\/\/www.repair-cafe.ch\/fr\/wp-json\/wp\/v2\/pages\/300\/revisions"}],"wp:featuredmedia":[{"embeddable":true,"href":"https:\/\/www.repair-cafe.ch\/fr\/wp-json\/wp\/v2\/media\/373"}],"wp:attachment":[{"href":"https:\/\/www.repair-cafe.ch\/fr\/wp-json\/wp\/v2\/media?parent=300"}],"curies":[{"name":"wp","href":"https:\/\/api.w.org\/{rel}","templated":true}]}}