{"id":819,"date":"2023-09-27T23:14:26","date_gmt":"2023-09-27T21:14:26","guid":{"rendered":"https:\/\/www.repair-cafe.ch\/?page_id=819"},"modified":"2023-10-02T13:11:02","modified_gmt":"2023-10-02T11:11:02","slug":"evenements-a-venir","status":"publish","type":"page","link":"https:\/\/www.repair-cafe.ch\/fr\/reparer\/evenements-a-venir\/","title":{"rendered":"\u00c9v\u00e9nements \u00e0 venir"},"content":{"rendered":"","protected":false},"excerpt":{"rendered":"","protected":false},"author":1,"featured_media":691,"parent":284,"menu_order":0,"comment_status":"closed","ping_status":"closed","template":"page-reparieren-next-v3.php","meta":{"_acf_changed":false,"footnotes":""},"class_list":["post-819","page","type-page","status-publish","has-post-thumbnail","hentry"],"acf":[],"yoast_head":"<!-- This site is optimized with the Yoast SEO plugin v27.2 - https:\/\/yoast.com\/product\/yoast-seo-wordpress\/ -->\n<title>\u00c9v\u00e9nements \u00e0 venir - Repair Caf\u00e9<\/title>\n<meta name=\"robots\" content=\"index, follow, max-snippet:-1, max-image-preview:large, max-video-preview:-1\" \/>\n<link rel=\"canonical\" href=\"https:\/\/www.repair-cafe.ch\/fr\/reparer\/evenements-a-venir\/\" \/>\n<meta property=\"og:locale\" content=\"fr_FR\" \/>\n<meta property=\"og:type\" content=\"article\" \/>\n<meta property=\"og:title\" content=\"\u00c9v\u00e9nements \u00e0 venir - Repair Caf\u00e9\" \/>\n<meta property=\"og:url\" content=\"https:\/\/www.repair-cafe.ch\/fr\/reparer\/evenements-a-venir\/\" \/>\n<meta property=\"og:site_name\" content=\"Repair Caf\u00e9\" \/>\n<meta property=\"article:modified_time\" content=\"2023-10-02T11:11:02+00:00\" \/>\n<meta property=\"og:image\" content=\"https:\/\/www.repair-cafe.ch\/wp-content\/uploads\/2023\/09\/ml23-sks-repair-cafe-088-1-e1695989383440.jpg\" \/>\n\t<meta property=\"og:image:width\" content=\"1920\" \/>\n\t<meta property=\"og:image:height\" content=\"1280\" \/>\n\t<meta property=\"og:image:type\" content=\"image\/jpeg\" \/>\n<meta name=\"twitter:card\" content=\"summary_large_image\" \/>\n<script type=\"application\/ld+json\" class=\"yoast-schema-graph\">{\"@context\":\"https:\/\/schema.org\",\"@graph\":[{\"@type\":\"WebPage\",\"@id\":\"https:\/\/www.repair-cafe.ch\/fr\/reparer\/evenements-a-venir\/\",\"url\":\"https:\/\/www.repair-cafe.ch\/fr\/reparer\/evenements-a-venir\/\",\"name\":\"\u00c9v\u00e9nements \u00e0 venir - Repair Caf\u00e9\",\"isPartOf\":{\"@id\":\"https:\/\/www.repair-cafe.ch\/fr\/#website\"},\"primaryImageOfPage\":{\"@id\":\"https:\/\/www.repair-cafe.ch\/fr\/reparer\/evenements-a-venir\/#primaryimage\"},\"image\":{\"@id\":\"https:\/\/www.repair-cafe.ch\/fr\/reparer\/evenements-a-venir\/#primaryimage\"},\"thumbnailUrl\":\"https:\/\/www.repair-cafe.ch\/wp-content\/uploads\/2023\/09\/ml23-sks-repair-cafe-088-1-e1695989383440.jpg\",\"datePublished\":\"2023-09-27T21:14:26+00:00\",\"dateModified\":\"2023-10-02T11:11:02+00:00\",\"breadcrumb\":{\"@id\":\"https:\/\/www.repair-cafe.ch\/fr\/reparer\/evenements-a-venir\/#breadcrumb\"},\"inLanguage\":\"fr-FR\",\"potentialAction\":[{\"@type\":\"ReadAction\",\"target\":[\"https:\/\/www.repair-cafe.ch\/fr\/reparer\/evenements-a-venir\/\"]}]},{\"@type\":\"ImageObject\",\"inLanguage\":\"fr-FR\",\"@id\":\"https:\/\/www.repair-cafe.ch\/fr\/reparer\/evenements-a-venir\/#primaryimage\",\"url\":\"https:\/\/www.repair-cafe.ch\/wp-content\/uploads\/2023\/09\/ml23-sks-repair-cafe-088-1-e1695989383440.jpg\",\"contentUrl\":\"https:\/\/www.repair-cafe.ch\/wp-content\/uploads\/2023\/09\/ml23-sks-repair-cafe-088-1-e1695989383440.jpg\",\"width\":7008,\"height\":4099},{\"@type\":\"BreadcrumbList\",\"@id\":\"https:\/\/www.repair-cafe.ch\/fr\/reparer\/evenements-a-venir\/#breadcrumb\",\"itemListElement\":[{\"@type\":\"ListItem\",\"position\":1,\"name\":\"Startseite\",\"item\":\"https:\/\/www.repair-cafe.ch\/fr\/\"},{\"@type\":\"ListItem\",\"position\":2,\"name\":\"r\u00e9parer\",\"item\":\"https:\/\/www.repair-cafe.ch\/fr\/reparer\/\"},{\"@type\":\"ListItem\",\"position\":3,\"name\":\"\u00c9v\u00e9nements \u00e0 venir\"}]},{\"@type\":\"WebSite\",\"@id\":\"https:\/\/www.repair-cafe.ch\/fr\/#website\",\"url\":\"https:\/\/www.repair-cafe.ch\/fr\/\",\"name\":\"Repair Caf\u00e9\",\"description\":\"\",\"potentialAction\":[{\"@type\":\"SearchAction\",\"target\":{\"@type\":\"EntryPoint\",\"urlTemplate\":\"https:\/\/www.repair-cafe.ch\/fr\/?s={search_term_string}\"},\"query-input\":{\"@type\":\"PropertyValueSpecification\",\"valueRequired\":true,\"valueName\":\"search_term_string\"}}],\"inLanguage\":\"fr-FR\"}]}<\/script>\n<!-- \/ Yoast SEO plugin. -->","yoast_head_json":{"title":"\u00c9v\u00e9nements \u00e0 venir - Repair Caf\u00e9","robots":{"index":"index","follow":"follow","max-snippet":"max-snippet:-1","max-image-preview":"max-image-preview:large","max-video-preview":"max-video-preview:-1"},"canonical":"https:\/\/www.repair-cafe.ch\/fr\/reparer\/evenements-a-venir\/","og_locale":"fr_FR","og_type":"article","og_title":"\u00c9v\u00e9nements \u00e0 venir - Repair Caf\u00e9","og_url":"https:\/\/www.repair-cafe.ch\/fr\/reparer\/evenements-a-venir\/","og_site_name":"Repair Caf\u00e9","article_modified_time":"2023-10-02T11:11:02+00:00","og_image":[{"width":1920,"height":1280,"url":"https:\/\/www.repair-cafe.ch\/wp-content\/uploads\/2023\/09\/ml23-sks-repair-cafe-088-1-e1695989383440.jpg","type":"image\/jpeg"}],"twitter_card":"summary_large_image","schema":{"@context":"https:\/\/schema.org","@graph":[{"@type":"WebPage","@id":"https:\/\/www.repair-cafe.ch\/fr\/reparer\/evenements-a-venir\/","url":"https:\/\/www.repair-cafe.ch\/fr\/reparer\/evenements-a-venir\/","name":"\u00c9v\u00e9nements \u00e0 venir - Repair Caf\u00e9","isPartOf":{"@id":"https:\/\/www.repair-cafe.ch\/fr\/#website"},"primaryImageOfPage":{"@id":"https:\/\/www.repair-cafe.ch\/fr\/reparer\/evenements-a-venir\/#primaryimage"},"image":{"@id":"https:\/\/www.repair-cafe.ch\/fr\/reparer\/evenements-a-venir\/#primaryimage"},"thumbnailUrl":"https:\/\/www.repair-cafe.ch\/wp-content\/uploads\/2023\/09\/ml23-sks-repair-cafe-088-1-e1695989383440.jpg","datePublished":"2023-09-27T21:14:26+00:00","dateModified":"2023-10-02T11:11:02+00:00","breadcrumb":{"@id":"https:\/\/www.repair-cafe.ch\/fr\/reparer\/evenements-a-venir\/#breadcrumb"},"inLanguage":"fr-FR","potentialAction":[{"@type":"ReadAction","target":["https:\/\/www.repair-cafe.ch\/fr\/reparer\/evenements-a-venir\/"]}]},{"@type":"ImageObject","inLanguage":"fr-FR","@id":"https:\/\/www.repair-cafe.ch\/fr\/reparer\/evenements-a-venir\/#primaryimage","url":"https:\/\/www.repair-cafe.ch\/wp-content\/uploads\/2023\/09\/ml23-sks-repair-cafe-088-1-e1695989383440.jpg","contentUrl":"https:\/\/www.repair-cafe.ch\/wp-content\/uploads\/2023\/09\/ml23-sks-repair-cafe-088-1-e1695989383440.jpg","width":7008,"height":4099},{"@type":"BreadcrumbList","@id":"https:\/\/www.repair-cafe.ch\/fr\/reparer\/evenements-a-venir\/#breadcrumb","itemListElement":[{"@type":"ListItem","position":1,"name":"Startseite","item":"https:\/\/www.repair-cafe.ch\/fr\/"},{"@type":"ListItem","position":2,"name":"r\u00e9parer","item":"https:\/\/www.repair-cafe.ch\/fr\/reparer\/"},{"@type":"ListItem","position":3,"name":"\u00c9v\u00e9nements \u00e0 venir"}]},{"@type":"WebSite","@id":"https:\/\/www.repair-cafe.ch\/fr\/#website","url":"https:\/\/www.repair-cafe.ch\/fr\/","name":"Repair Caf\u00e9","description":"","potentialAction":[{"@type":"SearchAction","target":{"@type":"EntryPoint","urlTemplate":"https:\/\/www.repair-cafe.ch\/fr\/?s={search_term_string}"},"query-input":{"@type":"PropertyValueSpecification","valueRequired":true,"valueName":"search_term_string"}}],"inLanguage":"fr-FR"}]}},"_links":{"self":[{"href":"https:\/\/www.repair-cafe.ch\/fr\/wp-json\/wp\/v2\/pages\/819","targetHints":{"allow":["GET"]}}],"collection":[{"href":"https:\/\/www.repair-cafe.ch\/fr\/wp-json\/wp\/v2\/pages"}],"about":[{"href":"https:\/\/www.repair-cafe.ch\/fr\/wp-json\/wp\/v2\/types\/page"}],"author":[{"embeddable":true,"href":"https:\/\/www.repair-cafe.ch\/fr\/wp-json\/wp\/v2\/users\/1"}],"replies":[{"embeddable":true,"href":"https:\/\/www.repair-cafe.ch\/fr\/wp-json\/wp\/v2\/comments?post=819"}],"version-history":[{"count":0,"href":"https:\/\/www.repair-cafe.ch\/fr\/wp-json\/wp\/v2\/pages\/819\/revisions"}],"up":[{"embeddable":true,"href":"https:\/\/www.repair-cafe.ch\/fr\/wp-json\/wp\/v2\/pages\/284"}],"wp:featuredmedia":[{"embeddable":true,"href":"https:\/\/www.repair-cafe.ch\/fr\/wp-json\/wp\/v2\/media\/691"}],"wp:attachment":[{"href":"https:\/\/www.repair-cafe.ch\/fr\/wp-json\/wp\/v2\/media?parent=819"}],"curies":[{"name":"wp","href":"https:\/\/api.w.org\/{rel}","templated":true}]}}